{"id":26,"date":"2024-04-15T13:36:45","date_gmt":"2024-04-15T13:36:45","guid":{"rendered":"https:\/\/www.solunex.ch\/?page_id=26"},"modified":"2025-12-22T16:40:18","modified_gmt":"2025-12-22T16:40:18","slug":"portfolio","status":"publish","type":"page","link":"https:\/\/www.solunex.ch\/?page_id=26","title":{"rendered":"Portfolio"},"content":{"rendered":"\n<div class=\"wp-block-cover alignfull is-light\" style=\"min-height:600px;aspect-ratio:unset;\"><span aria-hidden=\"true\" class=\"wp-block-cover__background has-nv-light-bg-background-color has-background-dim-100 has-background-dim\"><\/span><div class=\"wp-block-cover__inner-container is-layout-flow wp-block-cover-is-layout-flow\">\n<div class=\"wp-block-group\"><div class=\"wp-block-group__inner-container is-layout-flow wp-block-group-is-layout-flow\">\n<div style=\"height:80px\" aria-hidden=\"true\" class=\"wp-block-spacer\"><\/div>\n\n\n\n<div class=\"wp-block-columns alignwide is-layout-flex wp-container-core-columns-is-layout-9d6595d7 wp-block-columns-is-layout-flex\">\n<div class=\"wp-block-column is-vertically-aligned-center is-layout-flow wp-block-column-is-layout-flow\">\n<div class=\"wp-block-stackable-columns stk-block-columns stk-block stk-fa58b55\" data-block-id=\"fa58b55\"><style>.stk-fa58b55-column{max-width:1150px !important;min-width:auto !important;}<\/style><div class=\"stk-row stk-inner-blocks stk-block-content stk-content-align stk-fa58b55-column\">\n<div class=\"wp-block-stackable-column stk-block-column stk-column stk-block stk-3e1c949\" data-v=\"4\" data-block-id=\"3e1c949\"><div class=\"stk-column-wrapper stk-block-column__content stk-container stk-3e1c949-container stk--no-background stk--no-padding\"><div class=\"has-text-align-left stk-block-content stk-inner-blocks stk-3e1c949-inner-blocks\">\n<div class=\"wp-block-stackable-heading stk-block-heading stk-block-heading--v2 stk-block stk-493f56f\" id=\"information-management\" data-block-id=\"493f56f\"><h2 class=\"stk-block-heading__text\">Information Management<\/h2><\/div>\n\n\n\n<p>Der Schwerpunkt von Solunex liegt in der Unterst\u00fctzung unserer Kunden im effizienten und automatisierten Verarbeiten und erzeugen von Kundenkommunikation. Dabei decken wir sowohl die Eingangsseite ab (Input Management), wobei Automatisierung und Unterst\u00fctzung der Kundenteams durch den gezielten Einsatz von AI im Vordergrund stehen. Auf der Ausgangsseite (Output Management), steht ebenfalls die Automatisierung im Fokus, sowie die Nutzung s\u00e4mtlicher Kontaktkan\u00e4le zwischen Kunden und Endkunden (Omnichannel Management).<\/p>\n<\/div><\/div><\/div>\n\n\n\n<div class=\"wp-block-stackable-column stk-block-column stk-column stk-block stk-0bb7109\" data-v=\"4\" data-block-id=\"0bb7109\"><div class=\"stk-column-wrapper stk-block-column__content stk-container stk-0bb7109-container stk--no-background stk--no-padding\"><div class=\"stk-block-content stk-inner-blocks stk-0bb7109-inner-blocks\">\n<div class=\"wp-block-stackable-image stk-block-image stk-block stk-b375db6\" data-block-id=\"b375db6\"><figure><span class=\"stk-img-wrapper stk-image--shape-stretch\"><img data-recalc-dims=\"1\" loading=\"lazy\" decoding=\"async\" class=\"stk-img wp-image-73\" src=\"https:\/\/i0.wp.com\/www.solunex.ch\/wp-content\/uploads\/2024\/04\/pexels-photo-792199.jpeg?resize=1200%2C801&#038;ssl=1\" width=\"1200\" height=\"801\" alt=\"shallow focus photography of macbook\" srcset=\"https:\/\/i0.wp.com\/www.solunex.ch\/wp-content\/uploads\/2024\/04\/pexels-photo-792199.jpeg?w=1880&amp;ssl=1 1880w, https:\/\/i0.wp.com\/www.solunex.ch\/wp-content\/uploads\/2024\/04\/pexels-photo-792199.jpeg?resize=300%2C200&amp;ssl=1 300w, https:\/\/i0.wp.com\/www.solunex.ch\/wp-content\/uploads\/2024\/04\/pexels-photo-792199.jpeg?resize=1024%2C684&amp;ssl=1 1024w, https:\/\/i0.wp.com\/www.solunex.ch\/wp-content\/uploads\/2024\/04\/pexels-photo-792199.jpeg?resize=768%2C513&amp;ssl=1 768w, https:\/\/i0.wp.com\/www.solunex.ch\/wp-content\/uploads\/2024\/04\/pexels-photo-792199.jpeg?resize=1536%2C1025&amp;ssl=1 1536w, https:\/\/i0.wp.com\/www.solunex.ch\/wp-content\/uploads\/2024\/04\/pexels-photo-792199.jpeg?resize=930%2C620&amp;ssl=1 930w\" sizes=\"auto, (max-width: 1200px) 100vw, 1200px\" \/><\/span><\/figure><\/div>\n<\/div><\/div><\/div>\n<\/div><\/div>\n<\/div>\n<\/div>\n\n\n\n<div style=\"height:40px\" aria-hidden=\"true\" class=\"wp-block-spacer\"><\/div>\n<\/div><\/div>\n<\/div><\/div>\n\n\n\n<div class=\"wp-block-stackable-columns stk-block-columns stk-block stk-0c3d48e\" data-block-id=\"0c3d48e\"><div class=\"stk-row stk-inner-blocks stk-block-content stk-content-align stk-0c3d48e-column\">\n<div class=\"wp-block-stackable-column stk-block-column stk-column stk-block stk-823bf33\" data-v=\"4\" data-block-id=\"823bf33\"><div class=\"stk-column-wrapper stk-block-column__content stk-container stk-823bf33-container stk--no-background stk--no-padding\"><div class=\"stk-block-content stk-inner-blocks stk-823bf33-inner-blocks\">\n<div class=\"wp-block-stackable-image stk-block-image has-text-align-left stk-block stk-28d2ef6\" data-block-id=\"28d2ef6\"><style>.stk-28d2ef6 {left:-45px !important;}<\/style><figure><span class=\"stk-img-wrapper stk-image--shape-stretch\"><img data-recalc-dims=\"1\" loading=\"lazy\" decoding=\"async\" class=\"stk-img wp-image-1078\" src=\"https:\/\/i0.wp.com\/www.solunex.ch\/wp-content\/uploads\/2024\/12\/Logocc.png?resize=1084%2C375&#038;ssl=1\" width=\"1084\" height=\"375\" srcset=\"https:\/\/i0.wp.com\/www.solunex.ch\/wp-content\/uploads\/2024\/12\/Logocc.png?w=1084&amp;ssl=1 1084w, https:\/\/i0.wp.com\/www.solunex.ch\/wp-content\/uploads\/2024\/12\/Logocc.png?resize=300%2C104&amp;ssl=1 300w, https:\/\/i0.wp.com\/www.solunex.ch\/wp-content\/uploads\/2024\/12\/Logocc.png?resize=1024%2C354&amp;ssl=1 1024w, https:\/\/i0.wp.com\/www.solunex.ch\/wp-content\/uploads\/2024\/12\/Logocc.png?resize=768%2C266&amp;ssl=1 768w\" sizes=\"auto, (max-width: 1084px) 100vw, 1084px\" \/><\/span><\/figure><\/div>\n<\/div><\/div><\/div>\n\n\n\n<div class=\"wp-block-stackable-column stk-block-column stk-column stk-block stk-3606aaf\" data-v=\"4\" data-block-id=\"3606aaf\"><div class=\"stk-column-wrapper stk-block-column__content stk-container stk-3606aaf-container stk--no-background stk--no-padding\"><div class=\"stk-block-content stk-inner-blocks stk-3606aaf-inner-blocks\">\n<p>Solunex ist der exklusive Hosting-Partner von kwsoft in der Schweiz und bietet einen hoch skalierbaren SaaS auf Basis der Serie M\/ von kwsoft an. Dabei ist die gesamte Wertsch\u00f6pfungskette in der Schweiz, inkl. Datenhaltung.<\/p>\n\n\n\n<p>Heute erhalten mehr als 60% der in der Schweiz lebenden Personen j\u00e4hrlich Kommunikation, die auf der Basis der Serie M\/ generiert wurde.<\/p>\n\n\n\n<p>kwsoft (vormals k\u00fchn &amp; weyh GmbH) ist ein mittelst\u00e4ndisches Unternehmen, welches seit \u00fcber 45 Jahren besteht. In der Gesch\u00e4ftsleitung ist inzwischen die zweite Generation am Ruder und steht f\u00fcr Kontinuit\u00e4t und partnerschaftliche Zusammenarbeit mit unseren Kunden.\u00a0<\/p>\n<\/div><\/div><\/div>\n<\/div><\/div>\n\n\n\n<div class=\"wp-block-stackable-columns stk-block-columns stk-block stk-952fabe\" data-block-id=\"952fabe\"><div class=\"stk-row stk-inner-blocks stk-block-content stk-content-align stk-952fabe-column\">\n<div class=\"wp-block-stackable-column stk-block-column stk-column stk-block stk-69e8a30\" data-v=\"4\" data-block-id=\"69e8a30\"><div class=\"stk-column-wrapper stk-block-column__content stk-container stk-69e8a30-container stk--no-background stk--no-padding\"><div class=\"stk-block-content stk-inner-blocks stk-69e8a30-inner-blocks\">\n<p>Als Schweizer Partner von ThinkOwl bieten wir Kunden und Partnern unsere Expertise im Bereich Input Management auf Basis dieser leistungsf\u00e4higen Plattform. Unser L\u00f6sungsangebot ist auch in diesem Bereich vollst\u00e4ndig an den Schweizer Markt angepasst, inkl. des Betriebs von ThinkOwl bei einem, in der Schweiz ans\u00e4ssigen, Hostingpartner.<\/p>\n\n\n\n<p>ThinkOwl schl\u00e4gt die Br\u00fccke zwischen modernster KI-Technologie und deren Nutzung im Sinne von Kunden und Partnern. Dabei steht die individuelle Anpassung an die Kundenbed\u00fcrfnisse und die dadurch optimale Unterst\u00fctzung der Kundenziele im Vordergrund.<\/p>\n\n\n\n<p>Die Idee zu ThinkOwl stammt von den klugen K\u00f6pfen hinter der ITyX, die als Pioniere in Sachen K\u00fcnstlicher Intelligenz seit mehr als 25 Jahren intelligente Kundenservice-L\u00f6sungen entwickeln. Und dies f\u00fcr Marken wie UniCredit, Comdirect, Deutsche Telekom, Generali, IKEA oder RWE.<\/p>\n<\/div><\/div><\/div>\n\n\n\n<div class=\"wp-block-stackable-column stk-block-column stk-column stk-block stk-41d3180\" data-v=\"4\" data-block-id=\"41d3180\"><div class=\"stk-column-wrapper stk-block-column__content stk-container stk-41d3180-container stk--no-background stk--no-padding\"><div class=\"stk-block-content stk-inner-blocks stk-41d3180-inner-blocks\">\n<div class=\"wp-block-stackable-image stk-block-image stk-block stk-8f55ae2\" data-block-id=\"8f55ae2\"><figure><span class=\"stk-img-wrapper stk-image--shape-stretch\"><img data-recalc-dims=\"1\" loading=\"lazy\" decoding=\"async\" class=\"stk-img wp-image-1077\" src=\"https:\/\/i0.wp.com\/www.solunex.ch\/wp-content\/uploads\/2024\/12\/ThinkOwl_logo_2445x543.png?resize=1200%2C267&#038;ssl=1\" width=\"1200\" height=\"267\" srcset=\"https:\/\/i0.wp.com\/www.solunex.ch\/wp-content\/uploads\/2024\/12\/ThinkOwl_logo_2445x543.png?w=2445&amp;ssl=1 2445w, https:\/\/i0.wp.com\/www.solunex.ch\/wp-content\/uploads\/2024\/12\/ThinkOwl_logo_2445x543.png?resize=300%2C67&amp;ssl=1 300w, https:\/\/i0.wp.com\/www.solunex.ch\/wp-content\/uploads\/2024\/12\/ThinkOwl_logo_2445x543.png?resize=1024%2C227&amp;ssl=1 1024w, https:\/\/i0.wp.com\/www.solunex.ch\/wp-content\/uploads\/2024\/12\/ThinkOwl_logo_2445x543.png?resize=768%2C171&amp;ssl=1 768w, https:\/\/i0.wp.com\/www.solunex.ch\/wp-content\/uploads\/2024\/12\/ThinkOwl_logo_2445x543.png?resize=1536%2C341&amp;ssl=1 1536w, https:\/\/i0.wp.com\/www.solunex.ch\/wp-content\/uploads\/2024\/12\/ThinkOwl_logo_2445x543.png?resize=2048%2C455&amp;ssl=1 2048w\" sizes=\"auto, (max-width: 1200px) 100vw, 1200px\" \/><\/span><\/figure><\/div>\n<\/div><\/div><\/div>\n<\/div><\/div>\n\n\n\n<p><\/p>\n","protected":false},"excerpt":{"rendered":"<p>Solunex ist der exklusive Hosting-Partner von kwsoft in der Schweiz und bietet einen hoch skalierbaren SaaS auf Basis der Serie M\/ von kwsoft an. Dabei ist die gesamte Wertsch\u00f6pfungskette in der Schweiz, inkl. Datenhaltung. Heute erhalten mehr als 60% der in der Schweiz lebenden Personen j\u00e4hrlich Kommunikation, die auf der Basis der Serie M\/ generiert&hellip;&nbsp;<a href=\"https:\/\/www.solunex.ch\/?page_id=26\" rel=\"bookmark\">Mehr lesen &raquo;<span class=\"screen-reader-text\">Portfolio<\/span><\/a><\/p>\n","protected":false},"author":1,"featured_media":0,"parent":0,"menu_order":0,"comment_status":"closed","ping_status":"closed","template":"","meta":{"neve_meta_sidebar":"","neve_meta_container":"","neve_meta_enable_content_width":"on","neve_meta_content_width":100,"neve_meta_title_alignment":"","neve_meta_author_avatar":"","neve_post_elements_order":"","neve_meta_disable_header":"","neve_meta_disable_footer":"","neve_meta_disable_title":"on","neve_meta_reading_time":"","footnotes":""},"class_list":["post-26","page","type-page","status-publish","hentry"],"jetpack_sharing_enabled":true,"_links":{"self":[{"href":"https:\/\/www.solunex.ch\/index.php?rest_route=\/wp\/v2\/pages\/26","targetHints":{"allow":["GET"]}}],"collection":[{"href":"https:\/\/www.solunex.ch\/index.php?rest_route=\/wp\/v2\/pages"}],"about":[{"href":"https:\/\/www.solunex.ch\/index.php?rest_route=\/wp\/v2\/types\/page"}],"author":[{"embeddable":true,"href":"https:\/\/www.solunex.ch\/index.php?rest_route=\/wp\/v2\/users\/1"}],"replies":[{"embeddable":true,"href":"https:\/\/www.solunex.ch\/index.php?rest_route=%2Fwp%2Fv2%2Fcomments&post=26"}],"version-history":[{"count":13,"href":"https:\/\/www.solunex.ch\/index.php?rest_route=\/wp\/v2\/pages\/26\/revisions"}],"predecessor-version":[{"id":1523,"href":"https:\/\/www.solunex.ch\/index.php?rest_route=\/wp\/v2\/pages\/26\/revisions\/1523"}],"wp:attachment":[{"href":"https:\/\/www.solunex.ch\/index.php?rest_route=%2Fwp%2Fv2%2Fmedia&parent=26"}],"curies":[{"name":"wp","href":"https:\/\/api.w.org\/{rel}","templated":true}]}}