{"id":24,"date":"2024-04-11T10:02:08","date_gmt":"2024-04-11T10:02:08","guid":{"rendered":"https:\/\/www.solunex.ch\/?page_id=24"},"modified":"2025-12-22T15:44:56","modified_gmt":"2025-12-22T15:44:56","slug":"ueber","status":"publish","type":"page","link":"https:\/\/www.solunex.ch\/?page_id=24","title":{"rendered":"\u00dcber"},"content":{"rendered":"\n<div class=\"wp-block-cover alignfull is-light\" style=\"min-height:300px;aspect-ratio:unset;\"><span aria-hidden=\"true\" class=\"wp-block-cover__background has-nv-light-bg-background-color has-background-dim-100 has-background-dim\"><\/span><div class=\"wp-block-cover__inner-container is-layout-flow wp-block-cover-is-layout-flow\">\n<div class=\"wp-block-group\"><div class=\"wp-block-group__inner-container is-layout-flow wp-block-group-is-layout-flow\"><\/div><\/div>\n\n\n\n<div class=\"wp-block-stackable-heading stk-block-heading stk-block-heading--v2 stk-block stk-29e15e6\" id=\"uber-uns\" data-block-id=\"29e15e6\"><h2 class=\"stk-block-heading__text\">\u00dcber uns<\/h2><\/div>\n\n\n\n<p>Mit unserer profunden Kenntnis des Schweizer Marktes sind wir nah an unseren Kunden und unterst\u00fctzen mit Beratungs-, Support-, Projekt- und Betriebsdientleistungen von unserem Standort im Westen von Z\u00fcrich.<\/p>\n\n\n\n<div class=\"wp-block-stackable-text stk-block-text stk-block stk-284ff70\" data-block-id=\"284ff70\"><p class=\"stk-block-text__text\">Die Solunex AG ist ein unabh\u00e4ngiger Schweizer Anbieter von&nbsp;Beratungs- und Implementierungsdienstleistungen im Digitalisierungsumfeld. Mit \u00fcber dreissig Jahren Erfahrung unterst\u00fctzen wir Organisationen bei der nachhaltigen Erschliessung der Potenziale der Digitalisierung.&nbsp;<\/p><\/div>\n\n\n\n<figure class=\"wp-block-gallery has-nested-images columns-default is-cropped wp-block-gallery-1 is-layout-flex wp-block-gallery-is-layout-flex\">\n<figure class=\"wp-block-image size-large\"><img data-recalc-dims=\"1\" loading=\"lazy\" decoding=\"async\" width=\"1024\" height=\"1024\" data-id=\"1720\" src=\"https:\/\/i0.wp.com\/www.solunex.ch\/wp-content\/uploads\/2025\/12\/Jens.jpg?resize=1024%2C1024&#038;ssl=1\" alt=\"\" class=\"wp-image-1720\" srcset=\"https:\/\/i0.wp.com\/www.solunex.ch\/wp-content\/uploads\/2025\/12\/Jens-scaled.jpg?resize=1024%2C1024&amp;ssl=1 1024w, https:\/\/i0.wp.com\/www.solunex.ch\/wp-content\/uploads\/2025\/12\/Jens-scaled.jpg?resize=300%2C300&amp;ssl=1 300w, https:\/\/i0.wp.com\/www.solunex.ch\/wp-content\/uploads\/2025\/12\/Jens-scaled.jpg?resize=150%2C150&amp;ssl=1 150w, https:\/\/i0.wp.com\/www.solunex.ch\/wp-content\/uploads\/2025\/12\/Jens-scaled.jpg?resize=768%2C768&amp;ssl=1 768w, https:\/\/i0.wp.com\/www.solunex.ch\/wp-content\/uploads\/2025\/12\/Jens-scaled.jpg?resize=1536%2C1536&amp;ssl=1 1536w, https:\/\/i0.wp.com\/www.solunex.ch\/wp-content\/uploads\/2025\/12\/Jens-scaled.jpg?resize=2048%2C2048&amp;ssl=1 2048w, https:\/\/i0.wp.com\/www.solunex.ch\/wp-content\/uploads\/2025\/12\/Jens-scaled.jpg?w=2400&amp;ssl=1 2400w\" sizes=\"auto, (max-width: 1024px) 100vw, 1024px\" \/><\/figure>\n\n\n\n<figure class=\"wp-block-image size-large\"><img data-recalc-dims=\"1\" loading=\"lazy\" decoding=\"async\" width=\"1024\" height=\"1024\" data-id=\"1724\" src=\"https:\/\/i0.wp.com\/www.solunex.ch\/wp-content\/uploads\/2025\/12\/Miguel.jpg?resize=1024%2C1024&#038;ssl=1\" alt=\"\" class=\"wp-image-1724\" srcset=\"https:\/\/i0.wp.com\/www.solunex.ch\/wp-content\/uploads\/2025\/12\/Miguel-scaled.jpg?resize=1024%2C1024&amp;ssl=1 1024w, https:\/\/i0.wp.com\/www.solunex.ch\/wp-content\/uploads\/2025\/12\/Miguel-scaled.jpg?resize=300%2C300&amp;ssl=1 300w, https:\/\/i0.wp.com\/www.solunex.ch\/wp-content\/uploads\/2025\/12\/Miguel-scaled.jpg?resize=150%2C150&amp;ssl=1 150w, https:\/\/i0.wp.com\/www.solunex.ch\/wp-content\/uploads\/2025\/12\/Miguel-scaled.jpg?resize=768%2C768&amp;ssl=1 768w, https:\/\/i0.wp.com\/www.solunex.ch\/wp-content\/uploads\/2025\/12\/Miguel-scaled.jpg?resize=1536%2C1536&amp;ssl=1 1536w, https:\/\/i0.wp.com\/www.solunex.ch\/wp-content\/uploads\/2025\/12\/Miguel-scaled.jpg?resize=2048%2C2048&amp;ssl=1 2048w, https:\/\/i0.wp.com\/www.solunex.ch\/wp-content\/uploads\/2025\/12\/Miguel-scaled.jpg?w=2400&amp;ssl=1 2400w\" sizes=\"auto, (max-width: 1024px) 100vw, 1024px\" \/><\/figure>\n\n\n\n<figure class=\"wp-block-image size-large\"><img data-recalc-dims=\"1\" loading=\"lazy\" decoding=\"async\" width=\"1024\" height=\"1024\" data-id=\"1717\" src=\"https:\/\/i0.wp.com\/www.solunex.ch\/wp-content\/uploads\/2025\/12\/Alexandra.jpg?resize=1024%2C1024&#038;ssl=1\" alt=\"\" class=\"wp-image-1717\" srcset=\"https:\/\/i0.wp.com\/www.solunex.ch\/wp-content\/uploads\/2025\/12\/Alexandra-scaled.jpg?resize=1024%2C1024&amp;ssl=1 1024w, https:\/\/i0.wp.com\/www.solunex.ch\/wp-content\/uploads\/2025\/12\/Alexandra-scaled.jpg?resize=300%2C300&amp;ssl=1 300w, https:\/\/i0.wp.com\/www.solunex.ch\/wp-content\/uploads\/2025\/12\/Alexandra-scaled.jpg?resize=150%2C150&amp;ssl=1 150w, https:\/\/i0.wp.com\/www.solunex.ch\/wp-content\/uploads\/2025\/12\/Alexandra-scaled.jpg?resize=768%2C768&amp;ssl=1 768w, https:\/\/i0.wp.com\/www.solunex.ch\/wp-content\/uploads\/2025\/12\/Alexandra-scaled.jpg?resize=1536%2C1536&amp;ssl=1 1536w, https:\/\/i0.wp.com\/www.solunex.ch\/wp-content\/uploads\/2025\/12\/Alexandra-scaled.jpg?resize=2048%2C2048&amp;ssl=1 2048w, https:\/\/i0.wp.com\/www.solunex.ch\/wp-content\/uploads\/2025\/12\/Alexandra-scaled.jpg?w=2400&amp;ssl=1 2400w\" sizes=\"auto, (max-width: 1024px) 100vw, 1024px\" \/><\/figure>\n\n\n\n<figure class=\"wp-block-image size-large\"><img data-recalc-dims=\"1\" loading=\"lazy\" decoding=\"async\" width=\"1024\" height=\"1024\" data-id=\"1719\" src=\"https:\/\/i0.wp.com\/www.solunex.ch\/wp-content\/uploads\/2025\/12\/Domo.jpg?resize=1024%2C1024&#038;ssl=1\" alt=\"\" class=\"wp-image-1719\" srcset=\"https:\/\/i0.wp.com\/www.solunex.ch\/wp-content\/uploads\/2025\/12\/Domo-scaled.jpg?resize=1024%2C1024&amp;ssl=1 1024w, https:\/\/i0.wp.com\/www.solunex.ch\/wp-content\/uploads\/2025\/12\/Domo-scaled.jpg?resize=300%2C300&amp;ssl=1 300w, https:\/\/i0.wp.com\/www.solunex.ch\/wp-content\/uploads\/2025\/12\/Domo-scaled.jpg?resize=150%2C150&amp;ssl=1 150w, https:\/\/i0.wp.com\/www.solunex.ch\/wp-content\/uploads\/2025\/12\/Domo-scaled.jpg?resize=768%2C768&amp;ssl=1 768w, https:\/\/i0.wp.com\/www.solunex.ch\/wp-content\/uploads\/2025\/12\/Domo-scaled.jpg?resize=1536%2C1536&amp;ssl=1 1536w, https:\/\/i0.wp.com\/www.solunex.ch\/wp-content\/uploads\/2025\/12\/Domo-scaled.jpg?resize=2048%2C2048&amp;ssl=1 2048w, https:\/\/i0.wp.com\/www.solunex.ch\/wp-content\/uploads\/2025\/12\/Domo-scaled.jpg?w=2400&amp;ssl=1 2400w\" sizes=\"auto, (max-width: 1024px) 100vw, 1024px\" \/><\/figure>\n\n\n\n<figure class=\"wp-block-image size-large\"><img data-recalc-dims=\"1\" loading=\"lazy\" decoding=\"async\" width=\"1024\" height=\"1024\" data-id=\"1722\" src=\"https:\/\/i0.wp.com\/www.solunex.ch\/wp-content\/uploads\/2025\/12\/Luca.jpg?resize=1024%2C1024&#038;ssl=1\" alt=\"\" class=\"wp-image-1722\" srcset=\"https:\/\/i0.wp.com\/www.solunex.ch\/wp-content\/uploads\/2025\/12\/Luca-scaled.jpg?resize=1024%2C1024&amp;ssl=1 1024w, https:\/\/i0.wp.com\/www.solunex.ch\/wp-content\/uploads\/2025\/12\/Luca-scaled.jpg?resize=300%2C300&amp;ssl=1 300w, https:\/\/i0.wp.com\/www.solunex.ch\/wp-content\/uploads\/2025\/12\/Luca-scaled.jpg?resize=150%2C150&amp;ssl=1 150w, https:\/\/i0.wp.com\/www.solunex.ch\/wp-content\/uploads\/2025\/12\/Luca-scaled.jpg?resize=768%2C768&amp;ssl=1 768w, https:\/\/i0.wp.com\/www.solunex.ch\/wp-content\/uploads\/2025\/12\/Luca-scaled.jpg?resize=1536%2C1536&amp;ssl=1 1536w, https:\/\/i0.wp.com\/www.solunex.ch\/wp-content\/uploads\/2025\/12\/Luca-scaled.jpg?resize=2048%2C2048&amp;ssl=1 2048w, https:\/\/i0.wp.com\/www.solunex.ch\/wp-content\/uploads\/2025\/12\/Luca-scaled.jpg?w=2400&amp;ssl=1 2400w\" sizes=\"auto, (max-width: 1024px) 100vw, 1024px\" \/><\/figure>\n\n\n\n<figure class=\"wp-block-image size-large\"><img data-recalc-dims=\"1\" loading=\"lazy\" decoding=\"async\" width=\"1024\" height=\"1024\" data-id=\"1723\" src=\"https:\/\/i0.wp.com\/www.solunex.ch\/wp-content\/uploads\/2025\/12\/Martin.jpg?resize=1024%2C1024&#038;ssl=1\" alt=\"\" class=\"wp-image-1723\" srcset=\"https:\/\/i0.wp.com\/www.solunex.ch\/wp-content\/uploads\/2025\/12\/Martin-scaled.jpg?resize=1024%2C1024&amp;ssl=1 1024w, https:\/\/i0.wp.com\/www.solunex.ch\/wp-content\/uploads\/2025\/12\/Martin-scaled.jpg?resize=300%2C300&amp;ssl=1 300w, https:\/\/i0.wp.com\/www.solunex.ch\/wp-content\/uploads\/2025\/12\/Martin-scaled.jpg?resize=150%2C150&amp;ssl=1 150w, https:\/\/i0.wp.com\/www.solunex.ch\/wp-content\/uploads\/2025\/12\/Martin-scaled.jpg?resize=768%2C768&amp;ssl=1 768w, https:\/\/i0.wp.com\/www.solunex.ch\/wp-content\/uploads\/2025\/12\/Martin-scaled.jpg?resize=1536%2C1536&amp;ssl=1 1536w, https:\/\/i0.wp.com\/www.solunex.ch\/wp-content\/uploads\/2025\/12\/Martin-scaled.jpg?resize=2048%2C2048&amp;ssl=1 2048w, https:\/\/i0.wp.com\/www.solunex.ch\/wp-content\/uploads\/2025\/12\/Martin-scaled.jpg?w=2400&amp;ssl=1 2400w\" sizes=\"auto, (max-width: 1024px) 100vw, 1024px\" \/><\/figure>\n\n\n\n<figure class=\"wp-block-image size-large\"><img data-recalc-dims=\"1\" loading=\"lazy\" decoding=\"async\" width=\"1024\" height=\"1024\" data-id=\"1731\" src=\"https:\/\/i0.wp.com\/www.solunex.ch\/wp-content\/uploads\/2025\/12\/conway.jpg?resize=1024%2C1024&#038;ssl=1\" alt=\"\" class=\"wp-image-1731\" srcset=\"https:\/\/i0.wp.com\/www.solunex.ch\/wp-content\/uploads\/2025\/12\/conway-scaled.jpg?resize=1024%2C1024&amp;ssl=1 1024w, https:\/\/i0.wp.com\/www.solunex.ch\/wp-content\/uploads\/2025\/12\/conway-scaled.jpg?resize=300%2C300&amp;ssl=1 300w, https:\/\/i0.wp.com\/www.solunex.ch\/wp-content\/uploads\/2025\/12\/conway-scaled.jpg?resize=150%2C150&amp;ssl=1 150w, https:\/\/i0.wp.com\/www.solunex.ch\/wp-content\/uploads\/2025\/12\/conway-scaled.jpg?resize=768%2C768&amp;ssl=1 768w, https:\/\/i0.wp.com\/www.solunex.ch\/wp-content\/uploads\/2025\/12\/conway-scaled.jpg?resize=1536%2C1536&amp;ssl=1 1536w, https:\/\/i0.wp.com\/www.solunex.ch\/wp-content\/uploads\/2025\/12\/conway-scaled.jpg?resize=2048%2C2048&amp;ssl=1 2048w, https:\/\/i0.wp.com\/www.solunex.ch\/wp-content\/uploads\/2025\/12\/conway-scaled.jpg?w=2400&amp;ssl=1 2400w\" sizes=\"auto, (max-width: 1024px) 100vw, 1024px\" \/><\/figure>\n\n\n\n<figure class=\"wp-block-image size-large\"><img data-recalc-dims=\"1\" loading=\"lazy\" decoding=\"async\" width=\"1024\" height=\"1024\" data-id=\"1718\" src=\"https:\/\/i0.wp.com\/www.solunex.ch\/wp-content\/uploads\/2025\/12\/Dani.jpg?resize=1024%2C1024&#038;ssl=1\" alt=\"\" class=\"wp-image-1718\" srcset=\"https:\/\/i0.wp.com\/www.solunex.ch\/wp-content\/uploads\/2025\/12\/Dani-scaled.jpg?resize=1024%2C1024&amp;ssl=1 1024w, https:\/\/i0.wp.com\/www.solunex.ch\/wp-content\/uploads\/2025\/12\/Dani-scaled.jpg?resize=300%2C300&amp;ssl=1 300w, https:\/\/i0.wp.com\/www.solunex.ch\/wp-content\/uploads\/2025\/12\/Dani-scaled.jpg?resize=150%2C150&amp;ssl=1 150w, https:\/\/i0.wp.com\/www.solunex.ch\/wp-content\/uploads\/2025\/12\/Dani-scaled.jpg?resize=768%2C768&amp;ssl=1 768w, https:\/\/i0.wp.com\/www.solunex.ch\/wp-content\/uploads\/2025\/12\/Dani-scaled.jpg?resize=1536%2C1536&amp;ssl=1 1536w, https:\/\/i0.wp.com\/www.solunex.ch\/wp-content\/uploads\/2025\/12\/Dani-scaled.jpg?resize=2048%2C2048&amp;ssl=1 2048w, https:\/\/i0.wp.com\/www.solunex.ch\/wp-content\/uploads\/2025\/12\/Dani-scaled.jpg?w=2400&amp;ssl=1 2400w\" sizes=\"auto, (max-width: 1024px) 100vw, 1024px\" \/><\/figure>\n\n\n\n<figure class=\"wp-block-image size-large\"><img data-recalc-dims=\"1\" loading=\"lazy\" decoding=\"async\" width=\"1024\" height=\"1024\" data-id=\"1721\" src=\"https:\/\/i0.wp.com\/www.solunex.ch\/wp-content\/uploads\/2025\/12\/Juwal.jpg?resize=1024%2C1024&#038;ssl=1\" alt=\"\" class=\"wp-image-1721\" srcset=\"https:\/\/i0.wp.com\/www.solunex.ch\/wp-content\/uploads\/2025\/12\/Juwal-scaled.jpg?resize=1024%2C1024&amp;ssl=1 1024w, https:\/\/i0.wp.com\/www.solunex.ch\/wp-content\/uploads\/2025\/12\/Juwal-scaled.jpg?resize=300%2C300&amp;ssl=1 300w, https:\/\/i0.wp.com\/www.solunex.ch\/wp-content\/uploads\/2025\/12\/Juwal-scaled.jpg?resize=150%2C150&amp;ssl=1 150w, https:\/\/i0.wp.com\/www.solunex.ch\/wp-content\/uploads\/2025\/12\/Juwal-scaled.jpg?resize=768%2C768&amp;ssl=1 768w, https:\/\/i0.wp.com\/www.solunex.ch\/wp-content\/uploads\/2025\/12\/Juwal-scaled.jpg?resize=1536%2C1536&amp;ssl=1 1536w, https:\/\/i0.wp.com\/www.solunex.ch\/wp-content\/uploads\/2025\/12\/Juwal-scaled.jpg?resize=2048%2C2048&amp;ssl=1 2048w, https:\/\/i0.wp.com\/www.solunex.ch\/wp-content\/uploads\/2025\/12\/Juwal-scaled.jpg?w=2400&amp;ssl=1 2400w\" sizes=\"auto, (max-width: 1024px) 100vw, 1024px\" \/><\/figure>\n\n\n\n<figure class=\"wp-block-image size-large\"><img data-recalc-dims=\"1\" loading=\"lazy\" decoding=\"async\" width=\"1024\" height=\"1024\" data-id=\"1725\" src=\"https:\/\/i0.wp.com\/www.solunex.ch\/wp-content\/uploads\/2025\/12\/Richard.jpg?resize=1024%2C1024&#038;ssl=1\" alt=\"\" class=\"wp-image-1725\" srcset=\"https:\/\/i0.wp.com\/www.solunex.ch\/wp-content\/uploads\/2025\/12\/Richard-scaled.jpg?resize=1024%2C1024&amp;ssl=1 1024w, https:\/\/i0.wp.com\/www.solunex.ch\/wp-content\/uploads\/2025\/12\/Richard-scaled.jpg?resize=300%2C300&amp;ssl=1 300w, https:\/\/i0.wp.com\/www.solunex.ch\/wp-content\/uploads\/2025\/12\/Richard-scaled.jpg?resize=150%2C150&amp;ssl=1 150w, https:\/\/i0.wp.com\/www.solunex.ch\/wp-content\/uploads\/2025\/12\/Richard-scaled.jpg?resize=768%2C768&amp;ssl=1 768w, https:\/\/i0.wp.com\/www.solunex.ch\/wp-content\/uploads\/2025\/12\/Richard-scaled.jpg?resize=1536%2C1536&amp;ssl=1 1536w, https:\/\/i0.wp.com\/www.solunex.ch\/wp-content\/uploads\/2025\/12\/Richard-scaled.jpg?resize=2048%2C2048&amp;ssl=1 2048w, https:\/\/i0.wp.com\/www.solunex.ch\/wp-content\/uploads\/2025\/12\/Richard-scaled.jpg?w=2400&amp;ssl=1 2400w\" sizes=\"auto, (max-width: 1024px) 100vw, 1024px\" \/><\/figure>\n\n\n\n<figure class=\"wp-block-image size-large\"><img data-recalc-dims=\"1\" loading=\"lazy\" decoding=\"async\" width=\"1024\" height=\"1024\" data-id=\"1726\" src=\"https:\/\/i0.wp.com\/www.solunex.ch\/wp-content\/uploads\/2025\/12\/Rolf.jpg?resize=1024%2C1024&#038;ssl=1\" alt=\"\" class=\"wp-image-1726\" srcset=\"https:\/\/i0.wp.com\/www.solunex.ch\/wp-content\/uploads\/2025\/12\/Rolf-scaled.jpg?resize=1024%2C1024&amp;ssl=1 1024w, https:\/\/i0.wp.com\/www.solunex.ch\/wp-content\/uploads\/2025\/12\/Rolf-scaled.jpg?resize=300%2C300&amp;ssl=1 300w, https:\/\/i0.wp.com\/www.solunex.ch\/wp-content\/uploads\/2025\/12\/Rolf-scaled.jpg?resize=150%2C150&amp;ssl=1 150w, https:\/\/i0.wp.com\/www.solunex.ch\/wp-content\/uploads\/2025\/12\/Rolf-scaled.jpg?resize=768%2C768&amp;ssl=1 768w, https:\/\/i0.wp.com\/www.solunex.ch\/wp-content\/uploads\/2025\/12\/Rolf-scaled.jpg?resize=1536%2C1536&amp;ssl=1 1536w, https:\/\/i0.wp.com\/www.solunex.ch\/wp-content\/uploads\/2025\/12\/Rolf-scaled.jpg?resize=2048%2C2048&amp;ssl=1 2048w, https:\/\/i0.wp.com\/www.solunex.ch\/wp-content\/uploads\/2025\/12\/Rolf-scaled.jpg?w=2400&amp;ssl=1 2400w\" sizes=\"auto, (max-width: 1024px) 100vw, 1024px\" \/><\/figure>\n\n\n\n<figure class=\"wp-block-image size-large\"><img data-recalc-dims=\"1\" loading=\"lazy\" decoding=\"async\" width=\"1024\" height=\"1024\" data-id=\"1727\" src=\"https:\/\/i0.wp.com\/www.solunex.ch\/wp-content\/uploads\/2025\/12\/Stefan.jpg?resize=1024%2C1024&#038;ssl=1\" alt=\"\" class=\"wp-image-1727\" srcset=\"https:\/\/i0.wp.com\/www.solunex.ch\/wp-content\/uploads\/2025\/12\/Stefan-scaled.jpg?resize=1024%2C1024&amp;ssl=1 1024w, https:\/\/i0.wp.com\/www.solunex.ch\/wp-content\/uploads\/2025\/12\/Stefan-scaled.jpg?resize=300%2C300&amp;ssl=1 300w, https:\/\/i0.wp.com\/www.solunex.ch\/wp-content\/uploads\/2025\/12\/Stefan-scaled.jpg?resize=150%2C150&amp;ssl=1 150w, https:\/\/i0.wp.com\/www.solunex.ch\/wp-content\/uploads\/2025\/12\/Stefan-scaled.jpg?resize=768%2C768&amp;ssl=1 768w, https:\/\/i0.wp.com\/www.solunex.ch\/wp-content\/uploads\/2025\/12\/Stefan-scaled.jpg?resize=1536%2C1536&amp;ssl=1 1536w, https:\/\/i0.wp.com\/www.solunex.ch\/wp-content\/uploads\/2025\/12\/Stefan-scaled.jpg?resize=2048%2C2048&amp;ssl=1 2048w, https:\/\/i0.wp.com\/www.solunex.ch\/wp-content\/uploads\/2025\/12\/Stefan-scaled.jpg?w=2400&amp;ssl=1 2400w\" sizes=\"auto, (max-width: 1024px) 100vw, 1024px\" \/><\/figure>\n\n\n\n<figure class=\"wp-block-image size-large\"><img data-recalc-dims=\"1\" loading=\"lazy\" decoding=\"async\" width=\"1024\" height=\"1024\" data-id=\"1728\" src=\"https:\/\/i0.wp.com\/www.solunex.ch\/wp-content\/uploads\/2025\/12\/Stefano.jpg?resize=1024%2C1024&#038;ssl=1\" alt=\"\" class=\"wp-image-1728\" srcset=\"https:\/\/i0.wp.com\/www.solunex.ch\/wp-content\/uploads\/2025\/12\/Stefano-scaled.jpg?resize=1024%2C1024&amp;ssl=1 1024w, https:\/\/i0.wp.com\/www.solunex.ch\/wp-content\/uploads\/2025\/12\/Stefano-scaled.jpg?resize=300%2C300&amp;ssl=1 300w, https:\/\/i0.wp.com\/www.solunex.ch\/wp-content\/uploads\/2025\/12\/Stefano-scaled.jpg?resize=150%2C150&amp;ssl=1 150w, https:\/\/i0.wp.com\/www.solunex.ch\/wp-content\/uploads\/2025\/12\/Stefano-scaled.jpg?resize=768%2C768&amp;ssl=1 768w, https:\/\/i0.wp.com\/www.solunex.ch\/wp-content\/uploads\/2025\/12\/Stefano-scaled.jpg?resize=1536%2C1536&amp;ssl=1 1536w, https:\/\/i0.wp.com\/www.solunex.ch\/wp-content\/uploads\/2025\/12\/Stefano-scaled.jpg?resize=2048%2C2048&amp;ssl=1 2048w, https:\/\/i0.wp.com\/www.solunex.ch\/wp-content\/uploads\/2025\/12\/Stefano-scaled.jpg?w=2400&amp;ssl=1 2400w\" sizes=\"auto, (max-width: 1024px) 100vw, 1024px\" \/><\/figure>\n\n\n\n<figure class=\"wp-block-image size-large\"><img data-recalc-dims=\"1\" loading=\"lazy\" decoding=\"async\" width=\"1024\" height=\"1024\" data-id=\"1729\" src=\"https:\/\/i0.wp.com\/www.solunex.ch\/wp-content\/uploads\/2025\/12\/Tim.jpg?resize=1024%2C1024&#038;ssl=1\" alt=\"\" class=\"wp-image-1729\" srcset=\"https:\/\/i0.wp.com\/www.solunex.ch\/wp-content\/uploads\/2025\/12\/Tim-scaled.jpg?resize=1024%2C1024&amp;ssl=1 1024w, https:\/\/i0.wp.com\/www.solunex.ch\/wp-content\/uploads\/2025\/12\/Tim-scaled.jpg?resize=300%2C300&amp;ssl=1 300w, https:\/\/i0.wp.com\/www.solunex.ch\/wp-content\/uploads\/2025\/12\/Tim-scaled.jpg?resize=150%2C150&amp;ssl=1 150w, https:\/\/i0.wp.com\/www.solunex.ch\/wp-content\/uploads\/2025\/12\/Tim-scaled.jpg?resize=768%2C768&amp;ssl=1 768w, https:\/\/i0.wp.com\/www.solunex.ch\/wp-content\/uploads\/2025\/12\/Tim-scaled.jpg?resize=1536%2C1536&amp;ssl=1 1536w, https:\/\/i0.wp.com\/www.solunex.ch\/wp-content\/uploads\/2025\/12\/Tim-scaled.jpg?resize=2048%2C2048&amp;ssl=1 2048w, https:\/\/i0.wp.com\/www.solunex.ch\/wp-content\/uploads\/2025\/12\/Tim-scaled.jpg?w=2400&amp;ssl=1 2400w\" sizes=\"auto, (max-width: 1024px) 100vw, 1024px\" \/><\/figure>\n\n\n\n<figure class=\"wp-block-image size-large\"><img data-recalc-dims=\"1\" loading=\"lazy\" decoding=\"async\" width=\"1024\" height=\"1024\" data-id=\"1730\" src=\"https:\/\/i0.wp.com\/www.solunex.ch\/wp-content\/uploads\/2025\/12\/Tito.jpg?resize=1024%2C1024&#038;ssl=1\" alt=\"\" class=\"wp-image-1730\" srcset=\"https:\/\/i0.wp.com\/www.solunex.ch\/wp-content\/uploads\/2025\/12\/Tito-scaled.jpg?resize=1024%2C1024&amp;ssl=1 1024w, https:\/\/i0.wp.com\/www.solunex.ch\/wp-content\/uploads\/2025\/12\/Tito-scaled.jpg?resize=300%2C300&amp;ssl=1 300w, https:\/\/i0.wp.com\/www.solunex.ch\/wp-content\/uploads\/2025\/12\/Tito-scaled.jpg?resize=150%2C150&amp;ssl=1 150w, https:\/\/i0.wp.com\/www.solunex.ch\/wp-content\/uploads\/2025\/12\/Tito-scaled.jpg?resize=768%2C768&amp;ssl=1 768w, https:\/\/i0.wp.com\/www.solunex.ch\/wp-content\/uploads\/2025\/12\/Tito-scaled.jpg?resize=1536%2C1536&amp;ssl=1 1536w, https:\/\/i0.wp.com\/www.solunex.ch\/wp-content\/uploads\/2025\/12\/Tito-scaled.jpg?resize=2048%2C2048&amp;ssl=1 2048w, https:\/\/i0.wp.com\/www.solunex.ch\/wp-content\/uploads\/2025\/12\/Tito-scaled.jpg?w=2400&amp;ssl=1 2400w\" sizes=\"auto, (max-width: 1024px) 100vw, 1024px\" \/><\/figure>\n<\/figure>\n<\/div><\/div>\n\n\n\n<div class=\"wp-block-columns is-layout-flex wp-container-core-columns-is-layout-9d6595d7 wp-block-columns-is-layout-flex\">\n<div class=\"wp-block-column is-layout-flow wp-block-column-is-layout-flow\" style=\"flex-basis:100%\"><\/div>\n<\/div>\n","protected":false},"excerpt":{"rendered":"","protected":false},"author":1,"featured_media":0,"parent":0,"menu_order":0,"comment_status":"closed","ping_status":"closed","template":"","meta":{"neve_meta_sidebar":"","neve_meta_container":"","neve_meta_enable_content_width":"on","neve_meta_content_width":100,"neve_meta_title_alignment":"","neve_meta_author_avatar":"","neve_post_elements_order":"","neve_meta_disable_header":"","neve_meta_disable_footer":"","neve_meta_disable_title":"on","neve_meta_reading_time":"","footnotes":""},"class_list":["post-24","page","type-page","status-publish","hentry"],"jetpack_sharing_enabled":true,"_links":{"self":[{"href":"https:\/\/www.solunex.ch\/index.php?rest_route=\/wp\/v2\/pages\/24","targetHints":{"allow":["GET"]}}],"collection":[{"href":"https:\/\/www.solunex.ch\/index.php?rest_route=\/wp\/v2\/pages"}],"about":[{"href":"https:\/\/www.solunex.ch\/index.php?rest_route=\/wp\/v2\/types\/page"}],"author":[{"embeddable":true,"href":"https:\/\/www.solunex.ch\/index.php?rest_route=\/wp\/v2\/users\/1"}],"replies":[{"embeddable":true,"href":"https:\/\/www.solunex.ch\/index.php?rest_route=%2Fwp%2Fv2%2Fcomments&post=24"}],"version-history":[{"count":33,"href":"https:\/\/www.solunex.ch\/index.php?rest_route=\/wp\/v2\/pages\/24\/revisions"}],"predecessor-version":[{"id":1755,"href":"https:\/\/www.solunex.ch\/index.php?rest_route=\/wp\/v2\/pages\/24\/revisions\/1755"}],"wp:attachment":[{"href":"https:\/\/www.solunex.ch\/index.php?rest_route=%2Fwp%2Fv2%2Fmedia&parent=24"}],"curies":[{"name":"wp","href":"https:\/\/api.w.org\/{rel}","templated":true}]}}