{"id":23,"date":"2024-04-11T10:45:28","date_gmt":"2024-04-11T10:45:28","guid":{"rendered":"https:\/\/www.solunex.ch\/?page_id=23"},"modified":"2025-12-22T16:40:43","modified_gmt":"2025-12-22T16:40:43","slug":"startseite","status":"publish","type":"page","link":"https:\/\/www.solunex.ch\/","title":{"rendered":"Startseite"},"content":{"rendered":"\n<div class=\"wp-block-cover alignfull\" style=\"min-height:700px;aspect-ratio:unset;\"><img data-recalc-dims=\"1\" loading=\"lazy\" decoding=\"async\" width=\"1200\" height=\"800\" class=\"wp-block-cover__image-background wp-image-1768 size-full\" alt=\"\" src=\"https:\/\/i0.wp.com\/www.solunex.ch\/wp-content\/uploads\/2025\/12\/20190921_185533_10_Jahre_inacta_Jubilaeumswochenende_DSC09596-1.jpg?resize=1200%2C800&#038;ssl=1\" style=\"object-position:34% 66%\" data-object-fit=\"cover\" data-object-position=\"34% 66%\" srcset=\"https:\/\/i0.wp.com\/www.solunex.ch\/wp-content\/uploads\/2025\/12\/20190921_185533_10_Jahre_inacta_Jubilaeumswochenende_DSC09596-1.jpg?w=2560&amp;ssl=1 2560w, https:\/\/i0.wp.com\/www.solunex.ch\/wp-content\/uploads\/2025\/12\/20190921_185533_10_Jahre_inacta_Jubilaeumswochenende_DSC09596-1.jpg?resize=300%2C200&amp;ssl=1 300w, https:\/\/i0.wp.com\/www.solunex.ch\/wp-content\/uploads\/2025\/12\/20190921_185533_10_Jahre_inacta_Jubilaeumswochenende_DSC09596-1.jpg?resize=1024%2C683&amp;ssl=1 1024w, https:\/\/i0.wp.com\/www.solunex.ch\/wp-content\/uploads\/2025\/12\/20190921_185533_10_Jahre_inacta_Jubilaeumswochenende_DSC09596-1.jpg?resize=768%2C512&amp;ssl=1 768w, https:\/\/i0.wp.com\/www.solunex.ch\/wp-content\/uploads\/2025\/12\/20190921_185533_10_Jahre_inacta_Jubilaeumswochenende_DSC09596-1.jpg?resize=1536%2C1024&amp;ssl=1 1536w, https:\/\/i0.wp.com\/www.solunex.ch\/wp-content\/uploads\/2025\/12\/20190921_185533_10_Jahre_inacta_Jubilaeumswochenende_DSC09596-1.jpg?resize=2048%2C1366&amp;ssl=1 2048w, https:\/\/i0.wp.com\/www.solunex.ch\/wp-content\/uploads\/2025\/12\/20190921_185533_10_Jahre_inacta_Jubilaeumswochenende_DSC09596-1.jpg?resize=930%2C620&amp;ssl=1 930w, https:\/\/i0.wp.com\/www.solunex.ch\/wp-content\/uploads\/2025\/12\/20190921_185533_10_Jahre_inacta_Jubilaeumswochenende_DSC09596-1.jpg?w=2400&amp;ssl=1 2400w\" sizes=\"auto, (max-width: 1200px) 100vw, 1200px\" \/><span aria-hidden=\"true\" class=\"wp-block-cover__background has-background-dim-0 has-background-dim\" style=\"background-color:#787a7d\"><\/span><div class=\"wp-block-cover__inner-container is-layout-flow wp-block-cover-is-layout-flow\">\n<div style=\"height:80px\" aria-hidden=\"true\" class=\"wp-block-spacer\"><\/div>\n\n\n<div class=\"wp-block-image\">\n<figure class=\"aligncenter size-full\"><img data-recalc-dims=\"1\" loading=\"lazy\" decoding=\"async\" width=\"814\" height=\"266\" src=\"https:\/\/i0.wp.com\/www.solunex.ch\/wp-content\/uploads\/2024\/03\/Solunex_Claim.png?resize=814%2C266&#038;ssl=1\" alt=\"\" class=\"wp-image-30\" srcset=\"https:\/\/i0.wp.com\/www.solunex.ch\/wp-content\/uploads\/2024\/03\/Solunex_Claim.png?w=814&amp;ssl=1 814w, https:\/\/i0.wp.com\/www.solunex.ch\/wp-content\/uploads\/2024\/03\/Solunex_Claim.png?resize=300%2C98&amp;ssl=1 300w, https:\/\/i0.wp.com\/www.solunex.ch\/wp-content\/uploads\/2024\/03\/Solunex_Claim.png?resize=768%2C251&amp;ssl=1 768w\" sizes=\"auto, (max-width: 814px) 100vw, 814px\" \/><\/figure>\n<\/div>\n\n\n<p><\/p>\n<\/div><\/div>\n\n\n\n<div style=\"height:80px\" aria-hidden=\"true\" class=\"wp-block-spacer\"><\/div>\n\n\n\n<div class=\"wp-block-columns is-layout-flex wp-container-core-columns-is-layout-9d6595d7 wp-block-columns-is-layout-flex\">\n<div class=\"wp-block-column is-layout-flow wp-block-column-is-layout-flow\"><div class=\"wp-block-image is-resized icon-style is-style-default\">\n<figure class=\"aligncenter size-full\"><img data-recalc-dims=\"1\" loading=\"lazy\" decoding=\"async\" width=\"496\" height=\"496\" src=\"https:\/\/i0.wp.com\/www.solunex.ch\/wp-content\/uploads\/2024\/04\/user-generated-content.png?resize=496%2C496&#038;ssl=1\" alt=\"\" class=\"wp-image-60\" style=\"width:125px;height:auto\" srcset=\"https:\/\/i0.wp.com\/www.solunex.ch\/wp-content\/uploads\/2024\/04\/user-generated-content.png?w=496&amp;ssl=1 496w, https:\/\/i0.wp.com\/www.solunex.ch\/wp-content\/uploads\/2024\/04\/user-generated-content.png?resize=300%2C300&amp;ssl=1 300w, https:\/\/i0.wp.com\/www.solunex.ch\/wp-content\/uploads\/2024\/04\/user-generated-content.png?resize=150%2C150&amp;ssl=1 150w\" sizes=\"auto, (max-width: 496px) 100vw, 496px\" \/><\/figure>\n<\/div>\n\n\n<div style=\"height:20px\" aria-hidden=\"true\" class=\"wp-block-spacer\"><\/div>\n\n\n\n<h3 class=\"wp-block-heading has-text-align-center has-neve-text-color-color has-text-color\">Kundenkommunikation<\/h3>\n\n\n\n<p class=\"has-text-align-center\">creating communication<\/p>\n\n\n\n<div style=\"height:20px\" aria-hidden=\"true\" class=\"wp-block-spacer\"><\/div>\n<\/div>\n\n\n\n<div class=\"wp-block-column is-layout-flow wp-block-column-is-layout-flow\"><div class=\"wp-block-image is-resized icon-style is-style-default\">\n<figure class=\"aligncenter size-full\"><img data-recalc-dims=\"1\" loading=\"lazy\" decoding=\"async\" width=\"532\" height=\"496\" src=\"https:\/\/i0.wp.com\/www.solunex.ch\/wp-content\/uploads\/2024\/04\/transformation.png?resize=532%2C496&#038;ssl=1\" alt=\"\" class=\"wp-image-59\" style=\"width:136px;height:auto\" srcset=\"https:\/\/i0.wp.com\/www.solunex.ch\/wp-content\/uploads\/2024\/04\/transformation.png?w=532&amp;ssl=1 532w, https:\/\/i0.wp.com\/www.solunex.ch\/wp-content\/uploads\/2024\/04\/transformation.png?resize=300%2C280&amp;ssl=1 300w\" sizes=\"auto, (max-width: 532px) 100vw, 532px\" \/><\/figure>\n<\/div>\n\n\n<div style=\"height:20px\" aria-hidden=\"true\" class=\"wp-block-spacer\"><\/div>\n\n\n\n<h3 class=\"wp-block-heading has-text-align-center has-neve-text-color-color has-text-color\">Digitalisierung<\/h3>\n\n\n\n<p class=\"has-text-align-center\">leverage the opportunities of digitalization<\/p>\n\n\n\n<div style=\"height:20px\" aria-hidden=\"true\" class=\"wp-block-spacer\"><\/div>\n<\/div>\n\n\n\n<div class=\"wp-block-column is-layout-flow wp-block-column-is-layout-flow\"><div class=\"wp-block-image is-resized icon-style is-style-default\">\n<figure class=\"aligncenter size-full\"><img data-recalc-dims=\"1\" loading=\"lazy\" decoding=\"async\" width=\"636\" height=\"498\" src=\"https:\/\/i0.wp.com\/www.solunex.ch\/wp-content\/uploads\/2024\/04\/brain.png?resize=636%2C498&#038;ssl=1\" alt=\"\" class=\"wp-image-58\" style=\"width:161px;height:auto\" srcset=\"https:\/\/i0.wp.com\/www.solunex.ch\/wp-content\/uploads\/2024\/04\/brain.png?w=636&amp;ssl=1 636w, https:\/\/i0.wp.com\/www.solunex.ch\/wp-content\/uploads\/2024\/04\/brain.png?resize=300%2C235&amp;ssl=1 300w\" sizes=\"auto, (max-width: 636px) 100vw, 636px\" \/><\/figure>\n<\/div>\n\n\n<div style=\"height:20px\" aria-hidden=\"true\" class=\"wp-block-spacer\"><\/div>\n\n\n\n<h3 class=\"wp-block-heading has-text-align-center has-neve-text-color-color has-text-color\">Information Management<\/h3>\n\n\n\n<p class=\"has-text-align-center\">utilize the potential of information<\/p>\n\n\n\n<div style=\"height:20px\" aria-hidden=\"true\" class=\"wp-block-spacer\"><\/div>\n<\/div>\n<\/div>\n\n\n\n<div style=\"height:80px\" aria-hidden=\"true\" class=\"wp-block-spacer\"><\/div>\n\n\n\n<div class=\"wp-block-cover alignfull is-light\" style=\"min-height:600px;aspect-ratio:unset;\"><span aria-hidden=\"true\" class=\"wp-block-cover__background has-nv-light-bg-background-color has-background-dim-100 has-background-dim\"><\/span><div class=\"wp-block-cover__inner-container is-layout-flow wp-block-cover-is-layout-flow\">\n<div class=\"wp-block-group\"><div class=\"wp-block-group__inner-container is-layout-flow wp-block-group-is-layout-flow\">\n<div style=\"height:80px\" aria-hidden=\"true\" class=\"wp-block-spacer\"><\/div>\n\n\n\n<div class=\"wp-block-columns is-layout-flex wp-container-core-columns-is-layout-9d6595d7 wp-block-columns-is-layout-flex\">\n<div class=\"wp-block-column is-vertically-aligned-center is-layout-flow wp-block-column-is-layout-flow\" style=\"flex-basis:50%\">\n<figure class=\"wp-block-image size-full\"><img data-recalc-dims=\"1\" loading=\"lazy\" decoding=\"async\" width=\"1200\" height=\"800\" src=\"https:\/\/i0.wp.com\/www.solunex.ch\/wp-content\/uploads\/2024\/04\/pexels-photo-3184418.jpeg?resize=1200%2C800&#038;ssl=1\" alt=\"photo of people near wooden table\" class=\"wp-image-64\" srcset=\"https:\/\/i0.wp.com\/www.solunex.ch\/wp-content\/uploads\/2024\/04\/pexels-photo-3184418.jpeg?w=1880&amp;ssl=1 1880w, https:\/\/i0.wp.com\/www.solunex.ch\/wp-content\/uploads\/2024\/04\/pexels-photo-3184418.jpeg?resize=300%2C200&amp;ssl=1 300w, https:\/\/i0.wp.com\/www.solunex.ch\/wp-content\/uploads\/2024\/04\/pexels-photo-3184418.jpeg?resize=1024%2C682&amp;ssl=1 1024w, https:\/\/i0.wp.com\/www.solunex.ch\/wp-content\/uploads\/2024\/04\/pexels-photo-3184418.jpeg?resize=768%2C512&amp;ssl=1 768w, https:\/\/i0.wp.com\/www.solunex.ch\/wp-content\/uploads\/2024\/04\/pexels-photo-3184418.jpeg?resize=1536%2C1024&amp;ssl=1 1536w, https:\/\/i0.wp.com\/www.solunex.ch\/wp-content\/uploads\/2024\/04\/pexels-photo-3184418.jpeg?resize=930%2C620&amp;ssl=1 930w\" sizes=\"auto, (max-width: 1200px) 100vw, 1200px\" \/><\/figure>\n<\/div>\n\n\n\n<div class=\"wp-block-column is-vertically-aligned-top is-layout-flow wp-block-column-is-layout-flow\" style=\"flex-basis:50%\">\n<h2 class=\"wp-block-heading has-text-align-left has-neve-text-color-color has-text-color\"><br>Team<\/h2>\n\n\n\n<p class=\"has-text-align-left has-neve-text-color-color has-text-color\" style=\"font-size:17px\">Teamgeist und Teamkultur werden bei uns gross geschrieben. Gegenseitige Unterst\u00fctzung und eine offene Feedback-Kultur bilden die Basis unseres Zusammenarbeitens. Aktiv gef\u00f6rdert durch zahlreiche gemeinsame Unternehmungen, auch abseits unseres Arbeitsalltags.<\/p>\n\n\n\n<div class=\"wp-block-buttons is-content-justification-left is-layout-flex wp-container-core-buttons-is-layout-fdcfc74e wp-block-buttons-is-layout-flex\"><\/div>\n<\/div>\n<\/div>\n\n\n\n<div style=\"height:40px\" aria-hidden=\"true\" class=\"wp-block-spacer\"><\/div>\n<\/div><\/div>\n<\/div><\/div>\n\n\n\n<div class=\"wp-block-cover alignfull is-light\" style=\"min-height:600px;aspect-ratio:unset;\"><span aria-hidden=\"true\" class=\"wp-block-cover__background has-nv-site-bg-background-color has-background-dim-100 has-background-dim\"><\/span><div class=\"wp-block-cover__inner-container is-layout-flow wp-block-cover-is-layout-flow\">\n<div class=\"wp-block-group\"><div class=\"wp-block-group__inner-container is-layout-flow wp-block-group-is-layout-flow\">\n<div style=\"height:80px\" aria-hidden=\"true\" class=\"wp-block-spacer\"><\/div>\n\n\n\n<div class=\"wp-block-columns is-layout-flex wp-container-core-columns-is-layout-9d6595d7 wp-block-columns-is-layout-flex\">\n<div class=\"wp-block-column is-vertically-aligned-top is-layout-flow wp-block-column-is-layout-flow\" style=\"flex-basis:50%\">\n<h2 class=\"wp-block-heading has-text-align-left has-neve-text-color-color has-text-color\"><br>F\u00f6rderung<\/h2>\n\n\n\n<p class=\"has-text-align-left has-neve-text-color-color has-text-color\" style=\"font-size:17px\">Die pers\u00f6nliche wie berufliche Weiterentwicklung jeder Kollegin und jedes Kollegen ist unser gemeinsames Ziel. Um dies zu erreichen unterst\u00fctzen wir uns gegenseitig, bilden und fortlaufend weiter und arbeiten gemeinsam daran, die gesteckten Entwicklungsziele zu erreichen.<\/p>\n\n\n\n<div style=\"height:40px\" aria-hidden=\"true\" class=\"wp-block-spacer\"><\/div>\n<\/div>\n\n\n\n<div class=\"wp-block-column is-vertically-aligned-center is-layout-flow wp-block-column-is-layout-flow\" style=\"flex-basis:50%\">\n<figure class=\"wp-block-image size-full\"><img data-recalc-dims=\"1\" loading=\"lazy\" decoding=\"async\" width=\"1200\" height=\"900\" src=\"https:\/\/i0.wp.com\/www.solunex.ch\/wp-content\/uploads\/2024\/04\/pexels-photo-313690.jpeg?resize=1200%2C900&#038;ssl=1\" alt=\"woman sitting in front of macbook\" class=\"wp-image-66\" srcset=\"https:\/\/i0.wp.com\/www.solunex.ch\/wp-content\/uploads\/2024\/04\/pexels-photo-313690.jpeg?w=1733&amp;ssl=1 1733w, https:\/\/i0.wp.com\/www.solunex.ch\/wp-content\/uploads\/2024\/04\/pexels-photo-313690.jpeg?resize=300%2C225&amp;ssl=1 300w, https:\/\/i0.wp.com\/www.solunex.ch\/wp-content\/uploads\/2024\/04\/pexels-photo-313690.jpeg?resize=1024%2C768&amp;ssl=1 1024w, https:\/\/i0.wp.com\/www.solunex.ch\/wp-content\/uploads\/2024\/04\/pexels-photo-313690.jpeg?resize=768%2C576&amp;ssl=1 768w, https:\/\/i0.wp.com\/www.solunex.ch\/wp-content\/uploads\/2024\/04\/pexels-photo-313690.jpeg?resize=1536%2C1152&amp;ssl=1 1536w\" sizes=\"auto, (max-width: 1200px) 100vw, 1200px\" \/><\/figure>\n<\/div>\n<\/div>\n\n\n\n<div style=\"height:40px\" aria-hidden=\"true\" class=\"wp-block-spacer\"><\/div>\n<\/div><\/div>\n<\/div><\/div>\n\n\n\n<div class=\"wp-block-cover alignfull is-light\" style=\"min-height:600px;aspect-ratio:unset;\"><span aria-hidden=\"true\" class=\"wp-block-cover__background has-nv-light-bg-background-color has-background-dim-100 has-background-dim\"><\/span><div class=\"wp-block-cover__inner-container is-layout-flow wp-block-cover-is-layout-flow\">\n<div class=\"wp-block-group\"><div class=\"wp-block-group__inner-container is-layout-flow wp-block-group-is-layout-flow\">\n<div style=\"height:80px\" aria-hidden=\"true\" class=\"wp-block-spacer\"><\/div>\n\n\n\n<div class=\"wp-block-columns is-layout-flex wp-container-core-columns-is-layout-9d6595d7 wp-block-columns-is-layout-flex\">\n<div class=\"wp-block-column is-layout-flow wp-block-column-is-layout-flow\" style=\"flex-basis:50%\">\n<figure class=\"wp-block-image size-full\"><img data-recalc-dims=\"1\" loading=\"lazy\" decoding=\"async\" width=\"1200\" height=\"801\" src=\"https:\/\/i0.wp.com\/www.solunex.ch\/wp-content\/uploads\/2024\/04\/pexels-photo-3184436.jpeg?resize=1200%2C801&#038;ssl=1\" alt=\"photo of people holding each other s hands\" class=\"wp-image-68\" srcset=\"https:\/\/i0.wp.com\/www.solunex.ch\/wp-content\/uploads\/2024\/04\/pexels-photo-3184436.jpeg?w=1880&amp;ssl=1 1880w, https:\/\/i0.wp.com\/www.solunex.ch\/wp-content\/uploads\/2024\/04\/pexels-photo-3184436.jpeg?resize=300%2C200&amp;ssl=1 300w, https:\/\/i0.wp.com\/www.solunex.ch\/wp-content\/uploads\/2024\/04\/pexels-photo-3184436.jpeg?resize=1024%2C684&amp;ssl=1 1024w, https:\/\/i0.wp.com\/www.solunex.ch\/wp-content\/uploads\/2024\/04\/pexels-photo-3184436.jpeg?resize=768%2C513&amp;ssl=1 768w, https:\/\/i0.wp.com\/www.solunex.ch\/wp-content\/uploads\/2024\/04\/pexels-photo-3184436.jpeg?resize=1536%2C1025&amp;ssl=1 1536w, https:\/\/i0.wp.com\/www.solunex.ch\/wp-content\/uploads\/2024\/04\/pexels-photo-3184436.jpeg?resize=930%2C620&amp;ssl=1 930w\" sizes=\"auto, (max-width: 1200px) 100vw, 1200px\" \/><\/figure>\n<\/div>\n\n\n\n<div class=\"wp-block-column is-layout-flow wp-block-column-is-layout-flow\" style=\"flex-basis:50%\">\n<h2 class=\"wp-block-heading has-text-align-left has-neve-text-color-color has-text-color\"><br>Diversit\u00e4t<\/h2>\n\n\n\n<p class=\"has-text-align-left has-neve-text-color-color has-text-color\" style=\"font-size:17px\">Unser Ziel ist es, ein angstfreies Arbeitsumfeld zu f\u00f6rdern und weiterzuentwickeln, in welchem diverse Perspektiven zu bestm\u00f6glichen L\u00f6sungen f\u00fcr komplexe Herausforderungen beitragen. Die Vielfalt qualifizierter Meinungen und Ideen bildet das Fundament kreativer Ideen, die passgenaue L\u00f6sungen auch ausserhalb des Gew\u00f6hnlichen finden..<\/p>\n<\/div>\n<\/div>\n\n\n\n<div style=\"height:40px\" aria-hidden=\"true\" class=\"wp-block-spacer\"><\/div>\n<\/div><\/div>\n<\/div><\/div>\n\n\n\n<div class=\"wp-block-cover alignfull is-light\" style=\"min-height:600px;aspect-ratio:unset;\"><span aria-hidden=\"true\" class=\"wp-block-cover__background has-nv-site-bg-background-color has-background-dim-100 has-background-dim\"><\/span><div class=\"wp-block-cover__inner-container is-layout-flow wp-block-cover-is-layout-flow\">\n<div class=\"wp-block-group\"><div class=\"wp-block-group__inner-container is-layout-flow wp-block-group-is-layout-flow\">\n<div style=\"height:80px\" aria-hidden=\"true\" class=\"wp-block-spacer\"><\/div>\n\n\n\n<div class=\"wp-block-columns are-vertically-aligned-top is-layout-flex wp-container-core-columns-is-layout-9d6595d7 wp-block-columns-is-layout-flex\">\n<div class=\"wp-block-column is-vertically-aligned-top is-layout-flow wp-block-column-is-layout-flow\" style=\"flex-basis:50%\">\n<h2 class=\"wp-block-heading has-text-align-left has-neve-text-color-color has-text-color\"><br>Transparenz<\/h2>\n\n\n\n<p class=\"has-text-align-left has-neve-text-color-color has-text-color\" style=\"font-size:17px\">Transparenz und Fairness&nbsp;sind wichtige &#8222;building blocks&#8220; unserer Firmenkultur. Dadurch k\u00f6nnen wir unsere Energien auf die Bew\u00e4ltigung der Herausforderungen in Kunden- und internen Projekten fokussieren und als effizientes und harmonisches Team agieren.<\/p>\n\n\n\n<div style=\"height:40px\" aria-hidden=\"true\" class=\"wp-block-spacer\"><\/div>\n<\/div>\n\n\n\n<div class=\"wp-block-column is-vertically-aligned-top is-layout-flow wp-block-column-is-layout-flow\" style=\"flex-basis:50%\">\n<figure class=\"wp-block-image size-full\"><img data-recalc-dims=\"1\" loading=\"lazy\" decoding=\"async\" width=\"1200\" height=\"800\" src=\"https:\/\/i0.wp.com\/www.solunex.ch\/wp-content\/uploads\/2024\/04\/pexels-photo-3184291.jpeg?resize=1200%2C800&#038;ssl=1\" alt=\"colleagues shaking each other s hands\" class=\"wp-image-71\" srcset=\"https:\/\/i0.wp.com\/www.solunex.ch\/wp-content\/uploads\/2024\/04\/pexels-photo-3184291.jpeg?w=1880&amp;ssl=1 1880w, https:\/\/i0.wp.com\/www.solunex.ch\/wp-content\/uploads\/2024\/04\/pexels-photo-3184291.jpeg?resize=300%2C200&amp;ssl=1 300w, https:\/\/i0.wp.com\/www.solunex.ch\/wp-content\/uploads\/2024\/04\/pexels-photo-3184291.jpeg?resize=1024%2C682&amp;ssl=1 1024w, https:\/\/i0.wp.com\/www.solunex.ch\/wp-content\/uploads\/2024\/04\/pexels-photo-3184291.jpeg?resize=768%2C512&amp;ssl=1 768w, https:\/\/i0.wp.com\/www.solunex.ch\/wp-content\/uploads\/2024\/04\/pexels-photo-3184291.jpeg?resize=1536%2C1024&amp;ssl=1 1536w, https:\/\/i0.wp.com\/www.solunex.ch\/wp-content\/uploads\/2024\/04\/pexels-photo-3184291.jpeg?resize=930%2C620&amp;ssl=1 930w\" sizes=\"auto, (max-width: 1200px) 100vw, 1200px\" \/><\/figure>\n<\/div>\n<\/div>\n\n\n\n<div style=\"height:40px\" aria-hidden=\"true\" class=\"wp-block-spacer\"><\/div>\n<\/div><\/div>\n<\/div><\/div>\n\n\n\n<div style=\"height:40px\" aria-hidden=\"true\" class=\"wp-block-spacer\"><\/div>\n","protected":false},"excerpt":{"rendered":"<p>Kundenkommunikation creating communication Digitalisierung leverage the opportunities of digitalization Information Management utilize the potential of information<\/p>\n","protected":false},"author":1,"featured_media":0,"parent":0,"menu_order":0,"comment_status":"closed","ping_status":"closed","template":"","meta":{"neve_meta_sidebar":"","neve_meta_container":"default","neve_meta_enable_content_width":"on","neve_meta_content_width":100,"neve_meta_title_alignment":"left","neve_meta_author_avatar":"","neve_post_elements_order":"","neve_meta_disable_header":"","neve_meta_disable_footer":"","neve_meta_disable_title":"on","neve_meta_reading_time":"","footnotes":""},"class_list":["post-23","page","type-page","status-publish","hentry"],"jetpack_sharing_enabled":true,"_links":{"self":[{"href":"https:\/\/www.solunex.ch\/index.php?rest_route=\/wp\/v2\/pages\/23","targetHints":{"allow":["GET"]}}],"collection":[{"href":"https:\/\/www.solunex.ch\/index.php?rest_route=\/wp\/v2\/pages"}],"about":[{"href":"https:\/\/www.solunex.ch\/index.php?rest_route=\/wp\/v2\/types\/page"}],"author":[{"embeddable":true,"href":"https:\/\/www.solunex.ch\/index.php?rest_route=\/wp\/v2\/users\/1"}],"replies":[{"embeddable":true,"href":"https:\/\/www.solunex.ch\/index.php?rest_route=%2Fwp%2Fv2%2Fcomments&post=23"}],"version-history":[{"count":19,"href":"https:\/\/www.solunex.ch\/index.php?rest_route=\/wp\/v2\/pages\/23\/revisions"}],"predecessor-version":[{"id":1769,"href":"https:\/\/www.solunex.ch\/index.php?rest_route=\/wp\/v2\/pages\/23\/revisions\/1769"}],"wp:attachment":[{"href":"https:\/\/www.solunex.ch\/index.php?rest_route=%2Fwp%2Fv2%2Fmedia&parent=23"}],"curies":[{"name":"wp","href":"https:\/\/api.w.org\/{rel}","templated":true}]}}