{"id":1076,"date":"2025-06-26T13:45:47","date_gmt":"2025-06-26T13:45:47","guid":{"rendered":"https:\/\/www.solunex.ch\/?page_id=1076"},"modified":"2026-01-12T07:57:54","modified_gmt":"2026-01-12T07:57:54","slug":"partner","status":"publish","type":"page","link":"https:\/\/www.solunex.ch\/?page_id=1076","title":{"rendered":"Partner"},"content":{"rendered":"\n<div class=\"wp-block-stackable-feature stk-block-feature stk-block stk-015a883 is-style-default\" data-v=\"2\" data-block-id=\"015a883\"><style>.stk-015a883 {--stk-feature-flex-wrap:nowrap !important;}<\/style><div class=\"stk-content-align stk-015a883-column stk-container stk-015a883-container stk--no-background stk--no-padding\"><div class=\"stk-inner-blocks stk-block-content stk-row\">\n<div class=\"wp-block-stackable-column stk-block-column stk-column stk-block stk-120ccb4\" data-v=\"4\" data-block-id=\"120ccb4\"><style>.stk-120ccb4 {align-self:flex-start !important;}<\/style><div class=\"stk-column-wrapper stk-block-column__content stk-container stk-120ccb4-container stk--no-background stk--no-padding\"><div class=\"stk-block-content stk-inner-blocks stk-120ccb4-inner-blocks\">\n<div class=\"wp-block-stackable-image stk-block-image stk-block stk-fa4a60a\" data-block-id=\"fa4a60a\"><style>.stk-fa4a60a {align-items:flex-start !important;max-width:1500px !important;min-width:auto !important;padding-top:0px !important;padding-right:0px !important;padding-bottom:0px !important;padding-left:0px !important;display:flex !important;}.stk-fa4a60a .stk-img-wrapper img{object-position:50% 50% !important;}<\/style><figure><a class=\"stk-link\" href=\"https:\/\/kwsoft.de\/\" target=\"_blank\" rel=\"noreferrer noopener\"><span class=\"stk-img-wrapper stk-image--shape-stretch\"><img data-recalc-dims=\"1\" loading=\"lazy\" decoding=\"async\" class=\"stk-img wp-image-1078\" src=\"https:\/\/i0.wp.com\/www.solunex.ch\/wp-content\/uploads\/2024\/12\/Logocc.png?resize=1084%2C375&#038;ssl=1\" width=\"1084\" height=\"375\" srcset=\"https:\/\/i0.wp.com\/www.solunex.ch\/wp-content\/uploads\/2024\/12\/Logocc.png?w=1084&amp;ssl=1 1084w, https:\/\/i0.wp.com\/www.solunex.ch\/wp-content\/uploads\/2024\/12\/Logocc.png?resize=300%2C104&amp;ssl=1 300w, https:\/\/i0.wp.com\/www.solunex.ch\/wp-content\/uploads\/2024\/12\/Logocc.png?resize=1024%2C354&amp;ssl=1 1024w, https:\/\/i0.wp.com\/www.solunex.ch\/wp-content\/uploads\/2024\/12\/Logocc.png?resize=768%2C266&amp;ssl=1 768w\" sizes=\"auto, (max-width: 1084px) 100vw, 1084px\" \/><\/span><\/a><\/figure><\/div>\n<\/div><\/div><\/div>\n\n\n\n<div class=\"wp-block-stackable-column stk-block-column stk-column stk-block stk-6de1237\" data-v=\"4\" data-block-id=\"6de1237\"><style>.stk-6de1237 {align-self:center !important;}<\/style><div class=\"stk-column-wrapper stk-block-column__content stk-container stk-6de1237-container stk--no-background stk--no-padding\"><div class=\"stk-block-content stk-inner-blocks stk-6de1237-inner-blocks\">\n<div class=\"wp-block-stackable-text stk-block-text stk-block stk-d44d33e\" data-block-id=\"d44d33e\"><p class=\"stk-block-text__text\">Die k\u00fchn &amp; weyh Software GmbH, kurz kwsoft\u00ae, entwickelt, vertreibt und implementiert seit \u00fcber 40 Jahren Software zur Erstellung und Steuerung der Kundenkommunikation von Unternehmen und Organisationen (Customer Communication Management). Die Serie M\/ deckt dabei alle Prozesse von der Daten\u00fcbergabe aus dem Fachsystem \u00fcber die regelbasierte Zusammenstellung der Inhalte bis zur Ausgabe auf unterschiedlichen analogen und digitalen Kan\u00e4len ab.<\/p><\/div>\n\n\n\n<p>Hinzu kommt ein umfassendes Portfolio an Beratungsleistungen, zum Beispiel zu Strategie, Architektur, Ressourcenmigration, Implementierung, Projektmanagement oder Betrieb der Software. Hierzu arbeitet kwsoft\u00ae je nach Bedarf mit einem Netzwerk aus hochkar\u00e4tigen Partnern zusammen.<\/p>\n\n\n\n<p>Laufende Funktionserweiterungen auf Basis moderner Technologien und zukunftsf\u00e4higer Standards sorgen &#8211; zusammen mit einem ausgepr\u00e4gten Schnittstellenkonzept zu umliegenden Systemen und Prozessen &#8211; daf\u00fcr, dass sich kwsoft\u00ae zum technologischen Marktf\u00fchrer im CCM-Bereich entwickelt hat.<\/p>\n<\/div><\/div><\/div>\n<\/div><\/div><\/div>\n\n\n\n<div class=\"wp-block-stackable-divider stk-block-divider stk-block stk-c9d81a5\" data-block-id=\"c9d81a5\"><hr class=\"stk-block-divider__hr\"\/><\/div>\n\n\n\n<div class=\"wp-block-stackable-feature stk-block-feature stk-block stk-b3b7ac4 is-style-default\" data-v=\"2\" data-block-id=\"b3b7ac4\"><style>.stk-b3b7ac4 {--stk-feature-flex-wrap:nowrap !important;}<\/style><div class=\"stk-content-align stk-b3b7ac4-column stk-container stk-b3b7ac4-container stk--no-background stk--no-padding\"><div class=\"stk-inner-blocks stk-block-content stk-row\">\n<div class=\"wp-block-stackable-column stk-block-column stk-column stk-block stk-053697f\" data-v=\"4\" data-block-id=\"053697f\"><style>.stk-053697f {align-self:center !important;}<\/style><div class=\"stk-column-wrapper stk-block-column__content stk-container stk-053697f-container stk--no-background stk--no-padding\"><div class=\"stk-block-content stk-inner-blocks stk-053697f-inner-blocks\">\n<div class=\"wp-block-stackable-text stk-block-text stk-block stk-6355d47\" data-block-id=\"6355d47\"><p class=\"stk-block-text__text\">ThinkOwl ist eine leistungsstarke, einfach bedienbare Cloud-Plattform f\u00fcr moderne Unternehmen, die mit K\u00fcnstlicher Intelligenz ihre Kundenkommunikation und Unternehmensprozesse automatisieren und damit effizient gestalten.<\/p><\/div>\n\n\n\n<p>ThinkOwl erm\u00f6glicht eine einfache, schnelle Automatisierung und Digitalisierung f\u00fcr Unternehmen aller Branchen. Mit unseren KI-basierten L\u00f6sungen bauen Unternehmen effiziente und qualitativ hochwertige Kundenkommunikation und Gesch\u00e4ftsprozesse auf. Mehr als 1.500 Unternehmen unterschiedlicher Gr\u00f6\u00dfen vertrauen auf die KI-Plattform. ThinkOwl wurde 2017 in Deutschland gegr\u00fcndet und hat neben drei deutschen weitere Niederlassungen in USA, Indien und Japan.<\/p>\n\n\n\n<p>Unser Unternehmen<br>ThinkOwl ist ein inhabergef\u00fchrtes Unternehmen mit Schwerpunkt auf KI-basierter Automatisierung der Kundenkommunikation. Die cloudbasierten L\u00f6sungen von ThinkOwl unterst\u00fctzen dabei, kundenbasierte Unternehmensprozesse teilweise oder vollst\u00e4ndig zu automatisieren und einen schnellen ROI sicherzustellen. Moderne K\u00fcnstliche Intelligenz und Sicherheitstechnologie nach neuesten Standards helfen modernen Unternehmen aller Branchen.<\/p>\n<\/div><\/div><\/div>\n\n\n\n<div class=\"wp-block-stackable-column stk-block-column stk-column stk-block stk-606d8f2\" data-v=\"4\" data-block-id=\"606d8f2\"><style>.stk-606d8f2 {align-self:flex-start !important;}<\/style><div class=\"stk-column-wrapper stk-block-column__content stk-container stk-606d8f2-container stk--no-background stk--no-padding\"><div class=\"stk-block-content stk-inner-blocks stk-606d8f2-inner-blocks\">\n<div class=\"wp-block-stackable-image stk-block-image stk-block stk-e1e8255\" data-block-id=\"e1e8255\"><figure><a class=\"stk-link\" href=\"https:\/\/www.thinkowl.de\/\" target=\"_blank\" rel=\"noreferrer noopener\"><span class=\"stk-img-wrapper stk-image--shape-stretch\"><img data-recalc-dims=\"1\" loading=\"lazy\" decoding=\"async\" class=\"stk-img wp-image-1077\" src=\"https:\/\/i0.wp.com\/www.solunex.ch\/wp-content\/uploads\/2024\/12\/ThinkOwl_logo_2445x543.png?resize=1200%2C267&#038;ssl=1\" width=\"1200\" height=\"267\" srcset=\"https:\/\/i0.wp.com\/www.solunex.ch\/wp-content\/uploads\/2024\/12\/ThinkOwl_logo_2445x543.png?w=2445&amp;ssl=1 2445w, https:\/\/i0.wp.com\/www.solunex.ch\/wp-content\/uploads\/2024\/12\/ThinkOwl_logo_2445x543.png?resize=300%2C67&amp;ssl=1 300w, https:\/\/i0.wp.com\/www.solunex.ch\/wp-content\/uploads\/2024\/12\/ThinkOwl_logo_2445x543.png?resize=1024%2C227&amp;ssl=1 1024w, https:\/\/i0.wp.com\/www.solunex.ch\/wp-content\/uploads\/2024\/12\/ThinkOwl_logo_2445x543.png?resize=768%2C171&amp;ssl=1 768w, https:\/\/i0.wp.com\/www.solunex.ch\/wp-content\/uploads\/2024\/12\/ThinkOwl_logo_2445x543.png?resize=1536%2C341&amp;ssl=1 1536w, https:\/\/i0.wp.com\/www.solunex.ch\/wp-content\/uploads\/2024\/12\/ThinkOwl_logo_2445x543.png?resize=2048%2C455&amp;ssl=1 2048w\" sizes=\"auto, (max-width: 1200px) 100vw, 1200px\" \/><\/span><\/a><\/figure><\/div>\n<\/div><\/div><\/div>\n<\/div><\/div><\/div>\n\n\n\n<p><a href=\"https:\/\/kwsoft.de\/\" target=\"_blank\" rel=\"noreferrer noopener\"><\/a><\/p>\n\n\n\n<div class=\"wp-block-stackable-divider stk-block-divider stk-block stk-516b795\" data-block-id=\"516b795\"><hr class=\"stk-block-divider__hr\"\/><\/div>\n\n\n\n<div class=\"wp-block-stackable-feature stk-block-feature stk-block stk-453659a is-style-default\" data-v=\"2\" data-block-id=\"453659a\"><style>.stk-453659a {--stk-feature-flex-wrap:nowrap !important;}<\/style><div class=\"stk-content-align stk-453659a-column stk-container stk-453659a-container stk--no-background stk--no-padding\"><div class=\"stk-inner-blocks stk-block-content stk-row\">\n<div class=\"wp-block-stackable-column stk-block-column stk-column stk-block stk-68cbd5e\" data-v=\"4\" data-block-id=\"68cbd5e\"><style>.stk-68cbd5e {align-self:flex-start !important;}<\/style><div class=\"stk-column-wrapper stk-block-column__content stk-container stk-68cbd5e-container stk--no-background stk--no-padding\"><div class=\"stk-block-content stk-inner-blocks stk-68cbd5e-inner-blocks\">\n<div class=\"wp-block-stackable-image stk-block-image stk-block stk-4a40e67\" data-block-id=\"4a40e67\"><style>.stk-4a40e67 {align-items:flex-start !important;max-width:1500px !important;min-width:auto !important;padding-top:0px !important;padding-right:0px !important;padding-bottom:0px !important;padding-left:0px !important;display:flex !important;}.stk-4a40e67 .stk-img-wrapper img{object-position:50% 30% !important;}<\/style><figure><a class=\"stk-link\" href=\"https:\/\/kwsoft.de\/\" target=\"_blank\" rel=\"noreferrer noopener\"><span class=\"stk-img-wrapper stk-image--shape-stretch\"><img data-recalc-dims=\"1\" loading=\"lazy\" decoding=\"async\" class=\"stk-img wp-image-1801\" src=\"https:\/\/i0.wp.com\/www.solunex.ch\/wp-content\/uploads\/2026\/01\/400-4009326_logo-rasa-nlu.png?resize=1117%2C525&#038;ssl=1\" width=\"1117\" height=\"525\" srcset=\"https:\/\/i0.wp.com\/www.solunex.ch\/wp-content\/uploads\/2026\/01\/400-4009326_logo-rasa-nlu.png?w=1117&amp;ssl=1 1117w, https:\/\/i0.wp.com\/www.solunex.ch\/wp-content\/uploads\/2026\/01\/400-4009326_logo-rasa-nlu.png?resize=300%2C141&amp;ssl=1 300w, https:\/\/i0.wp.com\/www.solunex.ch\/wp-content\/uploads\/2026\/01\/400-4009326_logo-rasa-nlu.png?resize=1024%2C481&amp;ssl=1 1024w, https:\/\/i0.wp.com\/www.solunex.ch\/wp-content\/uploads\/2026\/01\/400-4009326_logo-rasa-nlu.png?resize=768%2C361&amp;ssl=1 768w\" sizes=\"auto, (max-width: 1117px) 100vw, 1117px\" \/><\/span><\/a><\/figure><\/div>\n<\/div><\/div><\/div>\n\n\n\n<div class=\"wp-block-stackable-column stk-block-column stk-column stk-block stk-df1c490\" data-v=\"4\" data-block-id=\"df1c490\"><style>.stk-df1c490 {align-self:center !important;}<\/style><div class=\"stk-column-wrapper stk-block-column__content stk-container stk-df1c490-container stk--no-background stk--no-padding\"><div class=\"stk-block-content stk-inner-blocks stk-df1c490-inner-blocks\">\n<div class=\"wp-block-stackable-text stk-block-text stk-block stk-8da9955\" data-block-id=\"8da9955\"><p class=\"stk-block-text__text\">Als Schweizer Partner von Rasa bieten wir Unternehmen Zugang zu einer der weltweit f\u00fchrenden Open-Source-Plattformen f\u00fcr Conversational AI \u2013 flexibel, datenschutzkonform und vollst\u00e4ndig lokal betrieben. Unser Angebot erm\u00f6glicht die sichere Nutzung von Rasa als Cloud-Service oder On-Premises-L\u00f6sung, gehostet und betreut auf Infrastruktur in der Schweiz.<\/p><\/div>\n\n\n\n<p>Rasa steht f\u00fcr h\u00f6chste Anpassungsf\u00e4higkeit, volle Kontrolle \u00fcber Daten und Prozesse sowie modernste KI-Funktionalit\u00e4t \u2013 ohne Abh\u00e4ngigkeit von globalen Cloud-Plattformen. Damit ist Rasa besonders geeignet f\u00fcr Branchen mit hohen Anforderungen an Datenschutz, Integrationsf\u00e4higkeit und Transparenz \u2013 wie das Gesundheitswesen, die \u00f6ffentliche Hand oder Finanzdienstleister.<\/p>\n\n\n\n<p>Hinter Rasa steht ein global aktives Unternehmen mit starkem Open-Source-Fokus und einer lebendigen Entwickler-Community. Als offizieller Schweizer Rasa-Partner bringen wir diese Technologie sicher, skalierbar und compliance-konform in den Schweizer Markt.<\/p>\n<\/div><\/div><\/div>\n<\/div><\/div><\/div>\n","protected":false},"excerpt":{"rendered":"<p>Die k\u00fchn &amp; weyh Software GmbH, kurz kwsoft\u00ae, entwickelt, vertreibt und implementiert seit \u00fcber 40 Jahren Software zur Erstellung und Steuerung der Kundenkommunikation von Unternehmen und Organisationen (Customer Communication Management). Die Serie M\/ deckt dabei alle Prozesse von der Daten\u00fcbergabe aus dem Fachsystem \u00fcber die regelbasierte Zusammenstellung der Inhalte bis zur Ausgabe auf unterschiedlichen analogen&hellip;&nbsp;<a href=\"https:\/\/www.solunex.ch\/?page_id=1076\" rel=\"bookmark\">Mehr lesen &raquo;<span class=\"screen-reader-text\">Partner<\/span><\/a><\/p>\n","protected":false},"author":1,"featured_media":0,"parent":0,"menu_order":0,"comment_status":"closed","ping_status":"closed","template":"","meta":{"neve_meta_sidebar":"","neve_meta_container":"","neve_meta_enable_content_width":"","neve_meta_content_width":0,"neve_meta_title_alignment":"","neve_meta_author_avatar":"","neve_post_elements_order":"","neve_meta_disable_header":"","neve_meta_disable_footer":"","neve_meta_disable_title":"on","neve_meta_reading_time":"","footnotes":""},"class_list":["post-1076","page","type-page","status-publish","hentry"],"jetpack_sharing_enabled":true,"_links":{"self":[{"href":"https:\/\/www.solunex.ch\/index.php?rest_route=\/wp\/v2\/pages\/1076","targetHints":{"allow":["GET"]}}],"collection":[{"href":"https:\/\/www.solunex.ch\/index.php?rest_route=\/wp\/v2\/pages"}],"about":[{"href":"https:\/\/www.solunex.ch\/index.php?rest_route=\/wp\/v2\/types\/page"}],"author":[{"embeddable":true,"href":"https:\/\/www.solunex.ch\/index.php?rest_route=\/wp\/v2\/users\/1"}],"replies":[{"embeddable":true,"href":"https:\/\/www.solunex.ch\/index.php?rest_route=%2Fwp%2Fv2%2Fcomments&post=1076"}],"version-history":[{"count":19,"href":"https:\/\/www.solunex.ch\/index.php?rest_route=\/wp\/v2\/pages\/1076\/revisions"}],"predecessor-version":[{"id":1806,"href":"https:\/\/www.solunex.ch\/index.php?rest_route=\/wp\/v2\/pages\/1076\/revisions\/1806"}],"wp:attachment":[{"href":"https:\/\/www.solunex.ch\/index.php?rest_route=%2Fwp%2Fv2%2Fmedia&parent=1076"}],"curies":[{"name":"wp","href":"https:\/\/api.w.org\/{rel}","templated":true}]}}